{"id":228,"date":"2024-10-08T16:15:55","date_gmt":"2024-10-08T20:15:55","guid":{"rendered":"https:\/\/3pl-canada.com\/our-services\/"},"modified":"2024-10-24T09:51:33","modified_gmt":"2024-10-24T13:51:33","slug":"nos-services","status":"publish","type":"page","link":"https:\/\/www.3pl-canada.com\/fr\/nos-services\/","title":{"rendered":"Services"},"content":{"rendered":"\t\t<div data-elementor-type=\"wp-page\" data-elementor-id=\"228\" class=\"elementor elementor-228 elementor-95\" data-elementor-post-type=\"page\">\n\t\t\t\t\t\t<section class=\"wd-negative-gap elementor-section elementor-top-section elementor-element elementor-element-41122e0d elementor-section-boxed elementor-section-height-default elementor-section-height-default\" data-id=\"41122e0d\" data-element_type=\"section\">\n\t\t\t\t\t\t<div class=\"elementor-container elementor-column-gap-default\">\n\t\t\t\t\t<div class=\"elementor-column elementor-col-100 elementor-top-column elementor-element elementor-element-dce8d68\" data-id=\"dce8d68\" data-element_type=\"column\">\n\t\t\t<div class=\"elementor-widget-wrap\">\n\t\t\t\t\t\t\t<\/div>\n\t\t<\/div>\n\t\t\t\t\t<\/div>\n\t\t<\/section>\n\t\t\t\t<section class=\"wd-negative-gap elementor-section elementor-top-section elementor-element elementor-element-432d978f elementor-section-boxed elementor-section-height-default elementor-section-height-default\" data-id=\"432d978f\" data-element_type=\"section\">\n\t\t\t\t\t\t<div class=\"elementor-container elementor-column-gap-default\">\n\t\t\t\t\t<div class=\"elementor-column elementor-col-100 elementor-top-column elementor-element elementor-element-5965e2d1\" data-id=\"5965e2d1\" data-element_type=\"column\">\n\t\t\t<div class=\"elementor-widget-wrap elementor-element-populated\">\n\t\t\t\t\t\t<div class=\"elementor-element elementor-element-35303334 elementor-widget elementor-widget-slider_revolution\" data-id=\"35303334\" data-element_type=\"widget\" data-widget_type=\"slider_revolution.default\">\n\t\t\t\t<div class=\"elementor-widget-container\">\n\t\t\t\t\t\n\t\t<div class=\"wp-block-themepunch-revslider\">\n\t\t\t\t<p class=\"rs-p-wp-fix\"><\/p>\n\t\t\t\t<sr7-module data-alias=\"Service-FR\" data-id=\"6\" id=\"SR7_6_1\" class=\"rs-ov-hidden\" data-version=\"6.7.20\">\n\t\t\t\t\t<sr7-adjuster><\/sr7-adjuster>\n\t\t\t\t\t<sr7-content>\n\t\t\t\t\t\t<sr7-slide id=\"SR7_6_1-8\" data-key=\"8\">\n\t\t\t\t\t\t\t<a id=\"SR7_6_1-8-1\" class=\"sr7-layer\" href=\"https:\/\/www.a13pl.com\/fr\/nous-joindre\/\" target=\"_self\">Contactez-Nous<\/a>\n\t\t\t\t\t\t\t<sr7-txt id=\"SR7_6_1-8-2\" class=\"sr7-layer\">SERVICES 3PL COMPR\u00c9HENSIFS<\/sr7-txt>\n\t\t\t\t\t\t\t<sr7-txt id=\"SR7_6_1-8-5\" class=\"sr7-layer\">Du stockage \u00e0 la distribution, nous g\u00e9rons tous les aspects de votre logistique, garantissant des livraisons ponctuelles et un contr\u00f4le pr\u00e9cis des stocks.<\/sr7-txt>\n\t\t\t\t\t\t<\/sr7-slide>\n\t\t\t\t\t\t<sr7-slide id=\"SR7_6_1-12\" data-key=\"12\">\n\t\t\t\t\t\t<\/sr7-slide>\n\t\t\t\t\t<\/sr7-content>\n\t\t\t\t<\/sr7-module>\n\t\t\t\t<script>\n\t\t\t\t\tSR7.PMH ??={}; SR7.PMH[\"SR7_6_1\"] = {cn:0,state:false,fn: function() { if (_tpt!==undefined && _tpt.prepareModuleHeight !== undefined) {  _tpt.prepareModuleHeight({id:\"SR7_6_1\",el:[650,650,768,960,720],type:'standard',shdw:'0',gh:[650,650,537,408,252],gw:[1240,1240,1024,778,480],vpt:['100px'],size:{fullWidth:true, fullHeight:false},mh:'0',onh:0,onw:0,bg:{color:'{\"orig\":\"transparent\",\"type\":\"solid\",\"string\":\"transparent\"}'}});   SR7.PMH[\"SR7_6_1\"].state=true;} else if((SR7.PMH[\"SR7_6_1\"].cn++)<100)\tsetTimeout( SR7.PMH[\"SR7_6_1\"].fn,19);}};SR7.PMH[\"SR7_6_1\" ].fn();\n\t\t\t\t<\/script>\n<\/div>\n\n\t\t\t\t\t\t<\/div>\n\t\t\t\t<\/div>\n\t\t\t\t\t<\/div>\n\t\t<\/div>\n\t\t\t\t\t<\/div>\n\t\t<\/section>\n\t\t\t\t<section class=\"elementor-section elementor-top-section elementor-element elementor-element-f19cb29 wd-section-stretch elementor-section-boxed elementor-section-height-default elementor-section-height-default\" data-id=\"f19cb29\" data-element_type=\"section\">\n\t\t\t\t\t\t<div class=\"elementor-container elementor-column-gap-default\">\n\t\t\t\t\t<div class=\"elementor-column elementor-col-50 elementor-top-column elementor-element elementor-element-483edc85\" data-id=\"483edc85\" data-element_type=\"column\">\n\t\t\t<div class=\"elementor-widget-wrap elementor-element-populated\">\n\t\t\t\t\t\t<div class=\"elementor-element elementor-element-1f55bf9d elementor-widget elementor-widget-heading\" data-id=\"1f55bf9d\" data-element_type=\"widget\" data-widget_type=\"heading.default\">\n\t\t\t\t<div class=\"elementor-widget-container\">\n\t\t\t\t\t<h2 class=\"elementor-heading-title elementor-size-default\">NOS SERVICES<\/h2>\t\t\t\t<\/div>\n\t\t\t\t<\/div>\n\t\t\t\t<div class=\"elementor-element elementor-element-4ec00e97 elementor-widget elementor-widget-heading\" data-id=\"4ec00e97\" data-element_type=\"widget\" data-widget_type=\"heading.default\">\n\t\t\t\t<div class=\"elementor-widget-container\">\n\t\t\t\t\t<h4 class=\"elementor-heading-title elementor-size-default\">Associez-vous \u00e0 A1-3PL pour la Croissance et le Succ\u00e8s de votre entreprise<\/h4>\t\t\t\t<\/div>\n\t\t\t\t<\/div>\n\t\t\t\t<div class=\"elementor-element elementor-element-18c862c3 color-scheme-inherit text-left elementor-widget elementor-widget-text-editor\" data-id=\"18c862c3\" data-element_type=\"widget\" data-widget_type=\"text-editor.default\">\n\t\t\t\t<div class=\"elementor-widget-container\">\n\t\t\t\t\t\t\t\t\t<p>Chez A1-3PL, nous nous engageons \u00e0 accompagner les entreprises vers le succ\u00e8s gr\u00e2ce \u00e0 des solutions logistiques novatrices qui favorisent la croissance. Nous mettons \u00e0 votre disposition une expertise et des ressources compl\u00e8tes pour optimiser votre cha\u00eene d\u2019approvisionnement, de la gestion des stocks \u00e0 l\u2019ex\u00e9cution des commandes, en passant par les services de centres de distribution. Collaborez avec nous d\u00e8s aujourd\u2019hui et r\u00e9v\u00e9lez tout le potentiel de vos op\u00e9rations logistiques.<\/p>\t\t\t\t\t\t\t\t<\/div>\n\t\t\t\t<\/div>\n\t\t\t\t\t<\/div>\n\t\t<\/div>\n\t\t\t\t<div class=\"elementor-column elementor-col-50 elementor-top-column elementor-element elementor-element-46db84bb\" data-id=\"46db84bb\" data-element_type=\"column\" data-settings=\"{&quot;background_background&quot;:&quot;classic&quot;}\">\n\t\t\t<div class=\"elementor-widget-wrap elementor-element-populated\">\n\t\t\t\t\t\t<div class=\"elementor-element elementor-element-2a85c629 elementor-widget elementor-widget-image\" data-id=\"2a85c629\" data-element_type=\"widget\" data-widget_type=\"image.default\">\n\t\t\t\t<div class=\"elementor-widget-container\">\n\t\t\t\t\t\t\t\t\t\t\t\t\t\t\t<img fetchpriority=\"high\" decoding=\"async\" width=\"1920\" height=\"1080\" src=\"https:\/\/www.3pl-canada.com\/wp-content\/uploads\/2024\/10\/services-img-1920x1080-1.jpg\" class=\"attachment-full size-full wp-image-161\" alt=\"3PL-Canada warehouse staff collaborating with smiles and teamwork\" srcset=\"https:\/\/www.3pl-canada.com\/wp-content\/uploads\/2024\/10\/services-img-1920x1080-1.jpg 1920w, https:\/\/www.3pl-canada.com\/wp-content\/uploads\/2024\/10\/services-img-1920x1080-1-300x169.jpg 300w, https:\/\/www.3pl-canada.com\/wp-content\/uploads\/2024\/10\/services-img-1920x1080-1-1024x576.jpg 1024w, https:\/\/www.3pl-canada.com\/wp-content\/uploads\/2024\/10\/services-img-1920x1080-1-768x432.jpg 768w, https:\/\/www.3pl-canada.com\/wp-content\/uploads\/2024\/10\/services-img-1920x1080-1-1536x864.jpg 1536w\" sizes=\"(max-width: 1920px) 100vw, 1920px\" title=\"services-img-1920x1080-1jpg | 3PL Canada\" \/>\t\t\t\t\t\t\t\t\t\t\t\t\t\t\t<\/div>\n\t\t\t\t<\/div>\n\t\t\t\t\t<\/div>\n\t\t<\/div>\n\t\t\t\t\t<\/div>\n\t\t<\/section>\n\t\t\t\t<section class=\"wd-negative-gap elementor-section elementor-top-section elementor-element elementor-element-405252ce wd-section-stretch elementor-section-boxed elementor-section-height-default elementor-section-height-default\" data-id=\"405252ce\" data-element_type=\"section\" data-settings=\"{&quot;background_background&quot;:&quot;classic&quot;}\">\n\t\t\t\t\t\t\t<div class=\"elementor-background-overlay\"><\/div>\n\t\t\t\t\t\t\t<div class=\"elementor-container elementor-column-gap-default\">\n\t\t\t\t\t<div class=\"elementor-column elementor-col-100 elementor-top-column elementor-element elementor-element-11ca5e19\" data-id=\"11ca5e19\" data-element_type=\"column\">\n\t\t\t<div class=\"elementor-widget-wrap elementor-element-populated\">\n\t\t\t\t\t\t<section class=\"elementor-section elementor-inner-section elementor-element elementor-element-7c684b0f wd-section-stretch-content elementor-section-boxed elementor-section-height-default elementor-section-height-default\" data-id=\"7c684b0f\" data-element_type=\"section\" data-settings=\"{&quot;background_background&quot;:&quot;classic&quot;}\">\n\t\t\t\t\t\t<div class=\"elementor-container elementor-column-gap-default\">\n\t\t\t\t\t<div class=\"elementor-column elementor-col-50 elementor-inner-column elementor-element elementor-element-2b05098b\" data-id=\"2b05098b\" data-element_type=\"column\">\n\t\t\t<div class=\"elementor-widget-wrap elementor-element-populated\">\n\t\t\t\t\t\t<div class=\"elementor-element elementor-element-68178ec1 elementor-widget elementor-widget-image\" data-id=\"68178ec1\" data-element_type=\"widget\" data-widget_type=\"image.default\">\n\t\t\t\t<div class=\"elementor-widget-container\">\n\t\t\t\t\t\t\t\t\t\t\t\t\t\t\t<img decoding=\"async\" width=\"1024\" height=\"576\" src=\"https:\/\/www.3pl-canada.com\/wp-content\/uploads\/2024\/10\/Other-Warehouse-1024x576.jpg\" class=\"attachment-large size-large wp-image-163\" alt=\"3PL-Canada warehouse with forklift and high-density pallet storage\" srcset=\"https:\/\/www.3pl-canada.com\/wp-content\/uploads\/2024\/10\/Other-Warehouse-1024x576.jpg 1024w, https:\/\/www.3pl-canada.com\/wp-content\/uploads\/2024\/10\/Other-Warehouse-300x169.jpg 300w, https:\/\/www.3pl-canada.com\/wp-content\/uploads\/2024\/10\/Other-Warehouse-768x432.jpg 768w, https:\/\/www.3pl-canada.com\/wp-content\/uploads\/2024\/10\/Other-Warehouse-1536x864.jpg 1536w, https:\/\/www.3pl-canada.com\/wp-content\/uploads\/2024\/10\/Other-Warehouse.jpg 1920w\" sizes=\"(max-width: 1024px) 100vw, 1024px\" title=\"Other-Warehousejpg | 3PL Canada\" \/>\t\t\t\t\t\t\t\t\t\t\t\t\t\t\t<\/div>\n\t\t\t\t<\/div>\n\t\t\t\t\t<\/div>\n\t\t<\/div>\n\t\t\t\t<div class=\"elementor-column elementor-col-50 elementor-inner-column elementor-element elementor-element-6ff3eb9f\" data-id=\"6ff3eb9f\" data-element_type=\"column\">\n\t\t\t<div class=\"elementor-widget-wrap elementor-element-populated\">\n\t\t\t\t\t\t<div class=\"elementor-element elementor-element-5e46c868 elementor-widget elementor-widget-heading\" data-id=\"5e46c868\" data-element_type=\"widget\" data-widget_type=\"heading.default\">\n\t\t\t\t<div class=\"elementor-widget-container\">\n\t\t\t\t\t<h2 class=\"elementor-heading-title elementor-size-default\">Industries<\/h2>\t\t\t\t<\/div>\n\t\t\t\t<\/div>\n\t\t\t\t<div class=\"elementor-element elementor-element-7c3ca811 color-scheme-inherit text-left elementor-widget elementor-widget-text-editor\" data-id=\"7c3ca811\" data-element_type=\"widget\" data-widget_type=\"text-editor.default\">\n\t\t\t\t<div class=\"elementor-widget-container\">\n\t\t\t\t\t\t\t\t\t<p>Chez A1-3PL, nous sommes fiers de proposer des solutions logistiques de haute qualit\u00e9, adapt\u00e9es aux besoins uniques de chaque industrie. Gr\u00e2ce \u00e0 notre expertise vari\u00e9e, nous servons un large \u00e9ventail de secteurs, assurant des op\u00e9rations logistiques efficaces et une gestion transparente de la cha\u00eene d\u2019approvisionnement.<\/p>\t\t\t\t\t\t\t\t<\/div>\n\t\t\t\t<\/div>\n\t\t\t\t\t<\/div>\n\t\t<\/div>\n\t\t\t\t\t<\/div>\n\t\t<\/section>\n\t\t\t\t\t<\/div>\n\t\t<\/div>\n\t\t\t\t\t<\/div>\n\t\t<\/section>\n\t\t\t\t<section class=\"elementor-section elementor-top-section elementor-element elementor-element-77810a36 wd-section-stretch elementor-section-boxed elementor-section-height-default elementor-section-height-default\" data-id=\"77810a36\" data-element_type=\"section\">\n\t\t\t\t\t\t<div class=\"elementor-container elementor-column-gap-default\">\n\t\t\t\t\t<div class=\"elementor-column elementor-col-100 elementor-top-column elementor-element elementor-element-119dfe1e\" data-id=\"119dfe1e\" data-element_type=\"column\">\n\t\t\t<div class=\"elementor-widget-wrap elementor-element-populated\">\n\t\t\t\t\t\t<div class=\"elementor-element elementor-element-8691829 elementor-widget elementor-widget-heading\" data-id=\"8691829\" data-element_type=\"widget\" data-widget_type=\"heading.default\">\n\t\t\t\t<div class=\"elementor-widget-container\">\n\t\t\t\t\t<h2 class=\"elementor-heading-title elementor-size-default\">Nos services de 3PL<\/h2>\t\t\t\t<\/div>\n\t\t\t\t<\/div>\n\t\t\t\t<section class=\"wd-negative-gap elementor-section elementor-inner-section elementor-element elementor-element-585fc28e elementor-section-boxed elementor-section-height-default elementor-section-height-default\" data-id=\"585fc28e\" data-element_type=\"section\">\n\t\t\t\t\t\t<div class=\"elementor-container elementor-column-gap-default\">\n\t\t\t\t\t<div class=\"elementor-column elementor-col-50 elementor-inner-column elementor-element elementor-element-109a1537\" data-id=\"109a1537\" data-element_type=\"column\">\n\t\t\t<div class=\"elementor-widget-wrap elementor-element-populated\">\n\t\t\t\t\t\t<div class=\"elementor-element elementor-element-412aeb80 elementor-widget elementor-widget-heading\" data-id=\"412aeb80\" data-element_type=\"widget\" data-widget_type=\"heading.default\">\n\t\t\t\t<div class=\"elementor-widget-container\">\n\t\t\t\t\t<h4 class=\"elementor-heading-title elementor-size-default\">Solutions de stockage<\/h4>\t\t\t\t<\/div>\n\t\t\t\t<\/div>\n\t\t\t\t<div class=\"elementor-element elementor-element-27db2064 color-scheme-inherit text-left elementor-widget elementor-widget-text-editor\" data-id=\"27db2064\" data-element_type=\"widget\" data-widget_type=\"text-editor.default\">\n\t\t\t\t<div class=\"elementor-widget-container\">\n\t\t\t\t\t\t\t\t\t<p>Placez vos marchandises dans nos entrep\u00f4ts modernes et s\u00e9curis\u00e9s. Nos syst\u00e8mes avanc\u00e9s de gestion des inventaires garantissent un stockage structur\u00e9 et facilement accessible, parfaitement adapt\u00e9 \u00e0 vos besoins \u00e0 court ou long terme.<\/p>\t\t\t\t\t\t\t\t<\/div>\n\t\t\t\t<\/div>\n\t\t\t\t\t<\/div>\n\t\t<\/div>\n\t\t\t\t<div class=\"elementor-column elementor-col-50 elementor-inner-column elementor-element elementor-element-3680dd1f\" data-id=\"3680dd1f\" data-element_type=\"column\">\n\t\t\t<div class=\"elementor-widget-wrap elementor-element-populated\">\n\t\t\t\t\t\t<div class=\"elementor-element elementor-element-52d49e23 elementor-widget elementor-widget-heading\" data-id=\"52d49e23\" data-element_type=\"widget\" data-widget_type=\"heading.default\">\n\t\t\t\t<div class=\"elementor-widget-container\">\n\t\t\t\t\t<h4 class=\"elementor-heading-title elementor-size-default\">Gestion strat\u00e9gique de la distribution<\/h4>\t\t\t\t<\/div>\n\t\t\t\t<\/div>\n\t\t\t\t<div class=\"elementor-element elementor-element-29f6e93a color-scheme-inherit text-left elementor-widget elementor-widget-text-editor\" data-id=\"29f6e93a\" data-element_type=\"widget\" data-widget_type=\"text-editor.default\">\n\t\t\t\t<div class=\"elementor-widget-container\">\n\t\t\t\t\t\t\t\t\t<p>Optimisez l&#8217;efficacit\u00e9 de votre cha\u00eene d&#8217;approvisionnement gr\u00e2ce \u00e0 nos centres id\u00e9alement situ\u00e9s. R\u00e9duisez les d\u00e9lais et les co\u00fbts de transport tout en am\u00e9liorant la performance. Nos services sur mesure favorisent l&#8217;expansion vers de nouveaux march\u00e9s et l&#8217;optimisation des r\u00e9seaux existants.<\/p>\t\t\t\t\t\t\t\t<\/div>\n\t\t\t\t<\/div>\n\t\t\t\t\t<\/div>\n\t\t<\/div>\n\t\t\t\t\t<\/div>\n\t\t<\/section>\n\t\t\t\t<section class=\"wd-negative-gap elementor-section elementor-inner-section elementor-element elementor-element-28b5f601 elementor-section-boxed elementor-section-height-default elementor-section-height-default\" data-id=\"28b5f601\" data-element_type=\"section\">\n\t\t\t\t\t\t<div class=\"elementor-container elementor-column-gap-default\">\n\t\t\t\t\t<div class=\"elementor-column elementor-col-50 elementor-inner-column elementor-element elementor-element-251a027\" data-id=\"251a027\" data-element_type=\"column\">\n\t\t\t<div class=\"elementor-widget-wrap elementor-element-populated\">\n\t\t\t\t\t\t<div class=\"elementor-element elementor-element-75e5a76c elementor-widget elementor-widget-heading\" data-id=\"75e5a76c\" data-element_type=\"widget\" data-widget_type=\"heading.default\">\n\t\t\t\t<div class=\"elementor-widget-container\">\n\t\t\t\t\t<h4 class=\"elementor-heading-title elementor-size-default\">Gestion avanc\u00e9e des inventaires<\/h4>\t\t\t\t<\/div>\n\t\t\t\t<\/div>\n\t\t\t\t<div class=\"elementor-element elementor-element-2ab6afce color-scheme-inherit text-left elementor-widget elementor-widget-text-editor\" data-id=\"2ab6afce\" data-element_type=\"widget\" data-widget_type=\"text-editor.default\">\n\t\t\t\t<div class=\"elementor-widget-container\">\n\t\t\t\t\t\t\t\t\t<p>Am\u00e9liorez la gestion de vos inventaires avec nos solutions d&#8217;entreposage de pointe. Profitez du suivi en temps r\u00e9el pour une visibilit\u00e9 totale, d&#8217;un stockage optimis\u00e9 pour un acc\u00e8s facile et d&#8217;une s\u00e9curit\u00e9 renforc\u00e9e pour prot\u00e9ger vos marchandises en permanence.<\/p>\t\t\t\t\t\t\t\t<\/div>\n\t\t\t\t<\/div>\n\t\t\t\t\t<\/div>\n\t\t<\/div>\n\t\t\t\t<div class=\"elementor-column elementor-col-50 elementor-inner-column elementor-element elementor-element-3856c93\" data-id=\"3856c93\" data-element_type=\"column\">\n\t\t\t<div class=\"elementor-widget-wrap elementor-element-populated\">\n\t\t\t\t\t\t<div class=\"elementor-element elementor-element-3b816ee1 elementor-widget elementor-widget-heading\" data-id=\"3b816ee1\" data-element_type=\"widget\" data-widget_type=\"heading.default\">\n\t\t\t\t<div class=\"elementor-widget-container\">\n\t\t\t\t\t<h4 class=\"elementor-heading-title elementor-size-default\">Gestion compl\u00e8te des commandes et des livraisons<\/h4>\t\t\t\t<\/div>\n\t\t\t\t<\/div>\n\t\t\t\t<div class=\"elementor-element elementor-element-4dd77415 color-scheme-inherit text-left elementor-widget elementor-widget-text-editor\" data-id=\"4dd77415\" data-element_type=\"widget\" data-widget_type=\"text-editor.default\">\n\t\t\t\t<div class=\"elementor-widget-container\">\n\t\t\t\t\t\t\t\t\t<p>Garantissez une satisfaction client optimale avec une gestion pr\u00e9cise, rapide et fiable des commandes, de la r\u00e9ception \u00e0 la livraison. Notre approche int\u00e9gr\u00e9e renforce la fid\u00e9lit\u00e9 et stimule les achats r\u00e9p\u00e9t\u00e9s.<\/p>\t\t\t\t\t\t\t\t<\/div>\n\t\t\t\t<\/div>\n\t\t\t\t\t<\/div>\n\t\t<\/div>\n\t\t\t\t\t<\/div>\n\t\t<\/section>\n\t\t\t\t<section class=\"wd-negative-gap elementor-section elementor-inner-section elementor-element elementor-element-464eef39 elementor-section-boxed elementor-section-height-default elementor-section-height-default\" data-id=\"464eef39\" data-element_type=\"section\">\n\t\t\t\t\t\t<div class=\"elementor-container elementor-column-gap-default\">\n\t\t\t\t\t<div class=\"elementor-column elementor-col-50 elementor-inner-column elementor-element elementor-element-38385b77\" data-id=\"38385b77\" data-element_type=\"column\">\n\t\t\t<div class=\"elementor-widget-wrap elementor-element-populated\">\n\t\t\t\t\t\t<div class=\"elementor-element elementor-element-424c3ad4 elementor-widget elementor-widget-heading\" data-id=\"424c3ad4\" data-element_type=\"widget\" data-widget_type=\"heading.default\">\n\t\t\t\t<div class=\"elementor-widget-container\">\n\t\t\t\t\t<h4 class=\"elementor-heading-title elementor-size-default\">Technologie avanc\u00e9e et distribution personnalis\u00e9e<\/h4>\t\t\t\t<\/div>\n\t\t\t\t<\/div>\n\t\t\t\t<div class=\"elementor-element elementor-element-22ef664b color-scheme-inherit text-left elementor-widget elementor-widget-text-editor\" data-id=\"22ef664b\" data-element_type=\"widget\" data-widget_type=\"text-editor.default\">\n\t\t\t\t<div class=\"elementor-widget-container\">\n\t\t\t\t\t\t\t\t\t<p>Nos syst\u00e8mes WMS et TMS fournissent un suivi en temps r\u00e9el via un portail web facile d\u2019utilisation. Gr\u00e2ce \u00e0 une \u00e9quipe d\u00e9vou\u00e9e, un support r\u00e9actif et des solutions flexibles, nous assurons une gestion fluide et personnalis\u00e9e de vos besoins en inventaire.<\/p>\t\t\t\t\t\t\t\t<\/div>\n\t\t\t\t<\/div>\n\t\t\t\t\t<\/div>\n\t\t<\/div>\n\t\t\t\t<div class=\"elementor-column elementor-col-50 elementor-inner-column elementor-element elementor-element-50d05131\" data-id=\"50d05131\" data-element_type=\"column\">\n\t\t\t<div class=\"elementor-widget-wrap elementor-element-populated\">\n\t\t\t\t\t\t<div class=\"elementor-element elementor-element-5ca0a588 elementor-widget elementor-widget-heading\" data-id=\"5ca0a588\" data-element_type=\"widget\" data-widget_type=\"heading.default\">\n\t\t\t\t<div class=\"elementor-widget-container\">\n\t\t\t\t\t<h4 class=\"elementor-heading-title elementor-size-default\">Solutions logistiques et de distribution int\u00e9gr\u00e9es<\/h4>\t\t\t\t<\/div>\n\t\t\t\t<\/div>\n\t\t\t\t<div class=\"elementor-element elementor-element-2cb349ad color-scheme-inherit text-left elementor-widget elementor-widget-text-editor\" data-id=\"2cb349ad\" data-element_type=\"widget\" data-widget_type=\"text-editor.default\">\n\t\t\t\t<div class=\"elementor-widget-container\">\n\t\t\t\t\t\t\t\t\t<p>Nous proposons le cross-docking pour optimiser les co\u00fbts, garantir une pr\u00e9paration des commandes sans erreurs, un tri rapide et une livraison fiable du dernier kilom\u00e8tre. Gr\u00e2ce \u00e0 un stockage s\u00e9curis\u00e9, une gestion des inventaires en temps r\u00e9el et des options de transport vari\u00e9es, nous offrons une logistique mondiale fluide et sans faille.<\/p>\t\t\t\t\t\t\t\t<\/div>\n\t\t\t\t<\/div>\n\t\t\t\t\t<\/div>\n\t\t<\/div>\n\t\t\t\t\t<\/div>\n\t\t<\/section>\n\t\t\t\t\t<\/div>\n\t\t<\/div>\n\t\t\t\t\t<\/div>\n\t\t<\/section>\n\t\t\t\t<\/div>\n\t\t","protected":false},"excerpt":{"rendered":"<p>NOS SERVICES Associez-vous \u00e0 A1-3PL pour la Croissance et le Succ\u00e8s de votre entreprise Chez A1-3PL, nous nous engageons \u00e0<\/p>\n","protected":false},"author":1,"featured_media":0,"parent":0,"menu_order":0,"comment_status":"closed","ping_status":"closed","template":"","meta":{"_monsterinsights_skip_tracking":false,"_monsterinsights_sitenote_active":false,"_monsterinsights_sitenote_note":"","_monsterinsights_sitenote_category":0,"footnotes":""},"class_list":["post-228","page","type-page","status-publish","hentry"],"aioseo_notices":[],"_links":{"self":[{"href":"https:\/\/www.3pl-canada.com\/fr\/wp-json\/wp\/v2\/pages\/228","targetHints":{"allow":["GET"]}}],"collection":[{"href":"https:\/\/www.3pl-canada.com\/fr\/wp-json\/wp\/v2\/pages"}],"about":[{"href":"https:\/\/www.3pl-canada.com\/fr\/wp-json\/wp\/v2\/types\/page"}],"author":[{"embeddable":true,"href":"https:\/\/www.3pl-canada.com\/fr\/wp-json\/wp\/v2\/users\/1"}],"replies":[{"embeddable":true,"href":"https:\/\/www.3pl-canada.com\/fr\/wp-json\/wp\/v2\/comments?post=228"}],"version-history":[{"count":19,"href":"https:\/\/www.3pl-canada.com\/fr\/wp-json\/wp\/v2\/pages\/228\/revisions"}],"predecessor-version":[{"id":372,"href":"https:\/\/www.3pl-canada.com\/fr\/wp-json\/wp\/v2\/pages\/228\/revisions\/372"}],"wp:attachment":[{"href":"https:\/\/www.3pl-canada.com\/fr\/wp-json\/wp\/v2\/media?parent=228"}],"curies":[{"name":"wp","href":"https:\/\/api.w.org\/{rel}","templated":true}]}}