{"id":238,"date":"2024-10-08T15:47:56","date_gmt":"2024-10-08T19:47:56","guid":{"rendered":"https:\/\/3pl-canada.com\/about-us\/"},"modified":"2024-10-22T14:05:27","modified_gmt":"2024-10-22T18:05:27","slug":"a-propos-de-nous","status":"publish","type":"page","link":"https:\/\/www.3pl-canada.com\/fr\/a-propos-de-nous\/","title":{"rendered":"\u00c0 propos"},"content":{"rendered":"\t\t<div data-elementor-type=\"wp-page\" data-elementor-id=\"238\" class=\"elementor elementor-238 elementor-91\" data-elementor-post-type=\"page\">\n\t\t\t\t\t\t<section class=\"wd-negative-gap elementor-section elementor-top-section elementor-element elementor-element-55ccda27 elementor-section-boxed elementor-section-height-default elementor-section-height-default\" data-id=\"55ccda27\" data-element_type=\"section\">\n\t\t\t\t\t\t<div class=\"elementor-container elementor-column-gap-default\">\n\t\t\t\t\t<div class=\"elementor-column elementor-col-100 elementor-top-column elementor-element elementor-element-1e50ed57\" data-id=\"1e50ed57\" data-element_type=\"column\">\n\t\t\t<div class=\"elementor-widget-wrap\">\n\t\t\t\t\t\t\t<\/div>\n\t\t<\/div>\n\t\t\t\t\t<\/div>\n\t\t<\/section>\n\t\t\t\t<section class=\"wd-negative-gap elementor-section elementor-top-section elementor-element elementor-element-12d7a6fd elementor-section-boxed elementor-section-height-default elementor-section-height-default\" data-id=\"12d7a6fd\" data-element_type=\"section\">\n\t\t\t\t\t\t<div class=\"elementor-container elementor-column-gap-default\">\n\t\t\t\t\t<div class=\"elementor-column elementor-col-100 elementor-top-column elementor-element elementor-element-469f79b\" data-id=\"469f79b\" data-element_type=\"column\">\n\t\t\t<div class=\"elementor-widget-wrap elementor-element-populated\">\n\t\t\t\t\t\t<div class=\"elementor-element elementor-element-28de7559 elementor-widget elementor-widget-slider_revolution\" data-id=\"28de7559\" data-element_type=\"widget\" data-widget_type=\"slider_revolution.default\">\n\t\t\t\t<div class=\"elementor-widget-container\">\n\t\t\t\t\t\n\t\t<div class=\"wp-block-themepunch-revslider\">\n\t\t\t\t<p class=\"rs-p-wp-fix\"><\/p>\n\t\t\t\t<sr7-module data-alias=\"About-FR\" data-id=\"4\" id=\"SR7_4_1\" class=\"rs-ov-hidden\" data-version=\"6.7.20\">\n\t\t\t\t\t<sr7-adjuster><\/sr7-adjuster>\n\t\t\t\t\t<sr7-content>\n\t\t\t\t\t\t<sr7-slide id=\"SR7_4_1-6\" data-key=\"6\">\n\t\t\t\t\t\t\t<a id=\"SR7_4_1-6-1\" class=\"sr7-layer\" href=\"https:\/\/www.a13pl.com\/fr\/nous-joindre\/\" target=\"_self\">Contactez-Nous<\/a>\n\t\t\t\t\t\t\t<sr7-txt id=\"SR7_4_1-6-2\" class=\"sr7-layer\">OPTIMISEZ VOS LOGISTIQUES<\/sr7-txt>\n\t\t\t\t\t\t\t<sr7-txt id=\"SR7_4_1-6-5\" class=\"sr7-layer\">Rationalisation des op\u00e9rations pour des solutions logistiques rapides, \u00e9conomiques et \u00e9volutives adapt\u00e9es \u00e0 votre entreprise<\/sr7-txt>\n\t\t\t\t\t\t<\/sr7-slide>\n\t\t\t\t\t\t<sr7-slide id=\"SR7_4_1-10\" data-key=\"10\">\n\t\t\t\t\t\t<\/sr7-slide>\n\t\t\t\t\t<\/sr7-content>\n\t\t\t\t<\/sr7-module>\n\t\t\t\t<script>\n\t\t\t\t\tSR7.PMH ??={}; SR7.PMH[\"SR7_4_1\"] = {cn:0,state:false,fn: function() { if (_tpt!==undefined && _tpt.prepareModuleHeight !== undefined) {  _tpt.prepareModuleHeight({id:\"SR7_4_1\",el:[650,650,768,960,720],type:'standard',shdw:'0',gh:[650,650,537,408,252],gw:[1240,1240,1024,778,480],vpt:['100px'],size:{fullWidth:true, fullHeight:false},mh:'0',onh:0,onw:0,bg:{color:'{\"orig\":\"transparent\",\"type\":\"solid\",\"string\":\"transparent\"}'}});   SR7.PMH[\"SR7_4_1\"].state=true;} else if((SR7.PMH[\"SR7_4_1\"].cn++)<100)\tsetTimeout( SR7.PMH[\"SR7_4_1\"].fn,19);}};SR7.PMH[\"SR7_4_1\" ].fn();\n\t\t\t\t<\/script>\n<\/div>\n\n\t\t\t\t\t\t<\/div>\n\t\t\t\t<\/div>\n\t\t\t\t\t<\/div>\n\t\t<\/div>\n\t\t\t\t\t<\/div>\n\t\t<\/section>\n\t\t\t\t<section class=\"wd-negative-gap elementor-section elementor-top-section elementor-element elementor-element-6a5e6e71 elementor-section-boxed elementor-section-height-default elementor-section-height-default\" data-id=\"6a5e6e71\" data-element_type=\"section\">\n\t\t\t\t\t\t<div class=\"elementor-container elementor-column-gap-default\">\n\t\t\t\t\t<div class=\"elementor-column elementor-col-100 elementor-top-column elementor-element elementor-element-af74189\" data-id=\"af74189\" data-element_type=\"column\">\n\t\t\t<div class=\"elementor-widget-wrap elementor-element-populated\">\n\t\t\t\t\t\t<div class=\"elementor-element elementor-element-5ed63110 elementor-widget elementor-widget-spacer\" data-id=\"5ed63110\" data-element_type=\"widget\" data-widget_type=\"spacer.default\">\n\t\t\t\t<div class=\"elementor-widget-container\">\n\t\t\t\t\t\t\t<div class=\"elementor-spacer\">\n\t\t\t<div class=\"elementor-spacer-inner\"><\/div>\n\t\t<\/div>\n\t\t\t\t\t\t<\/div>\n\t\t\t\t<\/div>\n\t\t\t\t\t<\/div>\n\t\t<\/div>\n\t\t\t\t\t<\/div>\n\t\t<\/section>\n\t\t\t\t<section class=\"wd-negative-gap elementor-section elementor-top-section elementor-element elementor-element-3de7e3dc elementor-section-boxed elementor-section-height-default elementor-section-height-default\" data-id=\"3de7e3dc\" data-element_type=\"section\">\n\t\t\t\t\t\t<div class=\"elementor-container elementor-column-gap-default\">\n\t\t\t\t\t<div class=\"elementor-column elementor-col-100 elementor-top-column elementor-element elementor-element-2ed33820\" data-id=\"2ed33820\" data-element_type=\"column\">\n\t\t\t<div class=\"elementor-widget-wrap elementor-element-populated\">\n\t\t\t\t\t\t<div class=\"elementor-element elementor-element-47b2e0f6 elementor-widget elementor-widget-heading\" data-id=\"47b2e0f6\" data-element_type=\"widget\" data-widget_type=\"heading.default\">\n\t\t\t\t<div class=\"elementor-widget-container\">\n\t\t\t\t\t<h2 class=\"elementor-heading-title elementor-size-default\">Pourquoi choisir A1-3PL\u202f?<\/h2>\t\t\t\t<\/div>\n\t\t\t\t<\/div>\n\t\t\t\t<div class=\"elementor-element elementor-element-ba67b3c color-scheme-inherit text-left elementor-widget elementor-widget-text-editor\" data-id=\"ba67b3c\" data-element_type=\"widget\" data-widget_type=\"text-editor.default\">\n\t\t\t\t<div class=\"elementor-widget-container\">\n\t\t\t\t\t\t\t\t\t<p>Collaborer avec nous vous permet d\u2019\u00e9viter les co\u00fbts fixes li\u00e9s au loyer, \u00e0 l\u2019infrastructure et au personnel, g\u00e9n\u00e9rant ainsi des \u00e9conomies importantes pour votre entreprise. De plus, les co\u00fbts deviennent des d\u00e9penses variables selon le volume d\u2019activit\u00e9, plut\u00f4t que des charges fixes, offrant un avantage suppl\u00e9mentaire.<\/p><p>Sans oublier l\u2019externalisation de votre logistique de transport, qui vous permettra de profiter de tarifs d\u2019exp\u00e9dition plus avantageux. Nos prix sont tr\u00e8s comp\u00e9titifs gr\u00e2ce \u00e0 notre client\u00e8le diversifi\u00e9e et \u00e0 notre volume \u00e9lev\u00e9 d\u2019exp\u00e9ditions.<\/p>\t\t\t\t\t\t\t\t<\/div>\n\t\t\t\t<\/div>\n\t\t\t\t\t<\/div>\n\t\t<\/div>\n\t\t\t\t\t<\/div>\n\t\t<\/section>\n\t\t\t\t<section class=\"elementor-section elementor-top-section elementor-element elementor-element-99757cd wd-section-stretch elementor-section-boxed elementor-section-height-default elementor-section-height-default\" data-id=\"99757cd\" data-element_type=\"section\">\n\t\t\t\t\t\t<div class=\"elementor-container elementor-column-gap-default\">\n\t\t\t\t\t<div class=\"elementor-column elementor-col-50 elementor-top-column elementor-element elementor-element-4f6a2688\" data-id=\"4f6a2688\" data-element_type=\"column\" data-settings=\"{&quot;background_background&quot;:&quot;classic&quot;}\">\n\t\t\t<div class=\"elementor-widget-wrap elementor-element-populated\">\n\t\t\t\t\t\t<div class=\"elementor-element elementor-element-4c068632 elementor-widget elementor-widget-image\" data-id=\"4c068632\" data-element_type=\"widget\" data-widget_type=\"image.default\">\n\t\t\t\t<div class=\"elementor-widget-container\">\n\t\t\t\t\t\t\t\t\t\t\t\t\t\t\t<img fetchpriority=\"high\" decoding=\"async\" width=\"1920\" height=\"1080\" src=\"https:\/\/www.3pl-canada.com\/wp-content\/uploads\/2024\/10\/Warehouse.jpg\" class=\"attachment-full size-full wp-image-167\" alt=\"3PL-Canada warehouse showcasing large-scale racking systems and inventory storage\" srcset=\"https:\/\/www.3pl-canada.com\/wp-content\/uploads\/2024\/10\/Warehouse.jpg 1920w, https:\/\/www.3pl-canada.com\/wp-content\/uploads\/2024\/10\/Warehouse-300x169.jpg 300w, https:\/\/www.3pl-canada.com\/wp-content\/uploads\/2024\/10\/Warehouse-1024x576.jpg 1024w, https:\/\/www.3pl-canada.com\/wp-content\/uploads\/2024\/10\/Warehouse-768x432.jpg 768w, https:\/\/www.3pl-canada.com\/wp-content\/uploads\/2024\/10\/Warehouse-1536x864.jpg 1536w\" sizes=\"(max-width: 1920px) 100vw, 1920px\" title=\"Warehousejpg | 3PL Canada\" \/>\t\t\t\t\t\t\t\t\t\t\t\t\t\t\t<\/div>\n\t\t\t\t<\/div>\n\t\t\t\t\t<\/div>\n\t\t<\/div>\n\t\t\t\t<div class=\"elementor-column elementor-col-50 elementor-top-column elementor-element elementor-element-6ec12af5\" data-id=\"6ec12af5\" data-element_type=\"column\">\n\t\t\t<div class=\"elementor-widget-wrap elementor-element-populated\">\n\t\t\t\t\t\t<div class=\"elementor-element elementor-element-63fef215 elementor-widget elementor-widget-heading\" data-id=\"63fef215\" data-element_type=\"widget\" data-widget_type=\"heading.default\">\n\t\t\t\t<div class=\"elementor-widget-container\">\n\t\t\t\t\t<h2 class=\"elementor-heading-title elementor-size-default\">\u00c0 PROPOS DE NOUS <\/h2>\t\t\t\t<\/div>\n\t\t\t\t<\/div>\n\t\t\t\t<div class=\"elementor-element elementor-element-4a28c03a elementor-widget elementor-widget-heading\" data-id=\"4a28c03a\" data-element_type=\"widget\" data-widget_type=\"heading.default\">\n\t\t\t\t<div class=\"elementor-widget-container\">\n\t\t\t\t\t<h4 class=\"elementor-heading-title elementor-size-default\">Associez-vous \u00e0 A1-3PL pour la croissance et le succ\u00e8s de votre entreprise<\/h4>\t\t\t\t<\/div>\n\t\t\t\t<\/div>\n\t\t\t\t<div class=\"elementor-element elementor-element-3518c029 color-scheme-inherit text-left elementor-widget elementor-widget-text-editor\" data-id=\"3518c029\" data-element_type=\"widget\" data-widget_type=\"text-editor.default\">\n\t\t\t\t<div class=\"elementor-widget-container\">\n\t\t\t\t\t\t\t\t\t<p>Opter pour A1-3PL pour g\u00e9rer votre logistique est sans doute l&#8217;une des meilleures d\u00e9cisions pour l\u2019avenir de votre entreprise. Avec plus de 20 ans d\u2019exp\u00e9rience en distribution et apr\u00e8s avoir exp\u00e9riment\u00e9 plusieurs services 3PL, nous sommes fiers de mettre notre expertise et notre savoir-faire au service des entreprises locales. Nous sommes ravis d\u2019accueillir nos clients dans notre entrep\u00f4t de Boisbriand, situ\u00e9 sur la Rive-Nord de Montr\u00e9al, \u00e0 l\u2019intersection des autoroutes 640 et 15.<\/p>\t\t\t\t\t\t\t\t<\/div>\n\t\t\t\t<\/div>\n\t\t\t\t\t<\/div>\n\t\t<\/div>\n\t\t\t\t\t<\/div>\n\t\t<\/section>\n\t\t\t\t<section class=\"wd-negative-gap elementor-section elementor-top-section elementor-element elementor-element-7c971ec9 wd-section-stretch elementor-section-boxed elementor-section-height-default elementor-section-height-default\" data-id=\"7c971ec9\" data-element_type=\"section\" data-settings=\"{&quot;background_background&quot;:&quot;classic&quot;}\">\n\t\t\t\t\t\t\t<div class=\"elementor-background-overlay\"><\/div>\n\t\t\t\t\t\t\t<div class=\"elementor-container elementor-column-gap-default\">\n\t\t\t\t\t<div class=\"elementor-column elementor-col-100 elementor-top-column elementor-element elementor-element-d26f06d\" data-id=\"d26f06d\" data-element_type=\"column\">\n\t\t\t<div class=\"elementor-widget-wrap elementor-element-populated\">\n\t\t\t\t\t\t<section class=\"wd-negative-gap elementor-section elementor-inner-section elementor-element elementor-element-5ba71999 wd-section-stretch elementor-section-boxed elementor-section-height-default elementor-section-height-default\" data-id=\"5ba71999\" data-element_type=\"section\">\n\t\t\t\t\t\t<div class=\"elementor-container elementor-column-gap-default\">\n\t\t\t\t\t<div class=\"elementor-column elementor-col-100 elementor-inner-column elementor-element elementor-element-219e1c67\" data-id=\"219e1c67\" data-element_type=\"column\">\n\t\t\t<div class=\"elementor-widget-wrap elementor-element-populated\">\n\t\t\t\t\t\t<div class=\"elementor-element elementor-element-6907624c elementor-widget elementor-widget-heading\" data-id=\"6907624c\" data-element_type=\"widget\" data-widget_type=\"heading.default\">\n\t\t\t\t<div class=\"elementor-widget-container\">\n\t\t\t\t\t<h2 class=\"elementor-heading-title elementor-size-default\"> QU'EST-CE QU'UN 3PL? <\/h2>\t\t\t\t<\/div>\n\t\t\t\t<\/div>\n\t\t\t\t<div class=\"elementor-element elementor-element-670ac93 elementor-widget elementor-widget-heading\" data-id=\"670ac93\" data-element_type=\"widget\" data-widget_type=\"heading.default\">\n\t\t\t\t<div class=\"elementor-widget-container\">\n\t\t\t\t\t<h4 class=\"elementor-heading-title elementor-size-default\">Un 3PL, abr\u00e9viation de \u00abThird-Party Logistics provider\u00bb, est une entreprise sp\u00e9cialis\u00e9e dans la gestion des op\u00e9rations logistiques pour le compte de ses clients. Ces services comprennent g\u00e9n\u00e9ralement<\/h4>\t\t\t\t<\/div>\n\t\t\t\t<\/div>\n\t\t\t\t<div class=\"elementor-element elementor-element-4e32ce1d color-scheme-inherit text-left elementor-widget elementor-widget-text-editor\" data-id=\"4e32ce1d\" data-element_type=\"widget\" data-widget_type=\"text-editor.default\">\n\t\t\t\t<div class=\"elementor-widget-container\">\n\t\t\t\t\t\t\t\t\t<p>Les entreprises sollicitent des 3PL pour optimiser leur cha\u00eene d\u2019approvisionnement, r\u00e9duire les co\u00fbts op\u00e9rationnels, accro\u00eetre leur flexibilit\u00e9 et profiter de l\u2019expertise et des ressources logistiques sp\u00e9cialis\u00e9es, sans avoir \u00e0 investir dans leur propre infrastructure.<\/p>\t\t\t\t\t\t\t\t<\/div>\n\t\t\t\t<\/div>\n\t\t\t\t\t<\/div>\n\t\t<\/div>\n\t\t\t\t\t<\/div>\n\t\t<\/section>\n\t\t\t\t\t<\/div>\n\t\t<\/div>\n\t\t\t\t\t<\/div>\n\t\t<\/section>\n\t\t\t\t<section class=\"wd-negative-gap elementor-section elementor-top-section elementor-element elementor-element-3001a797 elementor-section-boxed elementor-section-height-default elementor-section-height-default\" data-id=\"3001a797\" data-element_type=\"section\">\n\t\t\t\t\t\t<div class=\"elementor-container elementor-column-gap-default\">\n\t\t\t\t\t<div class=\"elementor-column elementor-col-100 elementor-top-column elementor-element elementor-element-141fbfc2\" data-id=\"141fbfc2\" data-element_type=\"column\">\n\t\t\t<div class=\"elementor-widget-wrap elementor-element-populated\">\n\t\t\t\t\t\t<div class=\"elementor-element elementor-element-45b25709 elementor-widget elementor-widget-spacer\" data-id=\"45b25709\" data-element_type=\"widget\" data-widget_type=\"spacer.default\">\n\t\t\t\t<div class=\"elementor-widget-container\">\n\t\t\t\t\t\t\t<div class=\"elementor-spacer\">\n\t\t\t<div class=\"elementor-spacer-inner\"><\/div>\n\t\t<\/div>\n\t\t\t\t\t\t<\/div>\n\t\t\t\t<\/div>\n\t\t\t\t\t<\/div>\n\t\t<\/div>\n\t\t\t\t\t<\/div>\n\t\t<\/section>\n\t\t\t\t<section class=\"elementor-section elementor-top-section elementor-element elementor-element-15acc25e wd-section-stretch elementor-section-boxed elementor-section-height-default elementor-section-height-default\" data-id=\"15acc25e\" data-element_type=\"section\">\n\t\t\t\t\t\t<div class=\"elementor-container elementor-column-gap-default\">\n\t\t\t\t\t<div class=\"elementor-column elementor-col-50 elementor-top-column elementor-element elementor-element-10b876c9\" data-id=\"10b876c9\" data-element_type=\"column\" data-settings=\"{&quot;background_background&quot;:&quot;classic&quot;}\">\n\t\t\t<div class=\"elementor-widget-wrap elementor-element-populated\">\n\t\t\t\t\t\t<div class=\"elementor-element elementor-element-7f7c8867 elementor-widget elementor-widget-image\" data-id=\"7f7c8867\" data-element_type=\"widget\" data-widget_type=\"image.default\">\n\t\t\t\t<div class=\"elementor-widget-container\">\n\t\t\t\t\t\t\t\t\t\t\t\t\t\t\t<img decoding=\"async\" width=\"1920\" height=\"1080\" src=\"https:\/\/www.3pl-canada.com\/wp-content\/uploads\/2024\/10\/Transport.jpg\" class=\"attachment-full size-full wp-image-169\" alt=\"3PL-Canada transport truck on highway at sunset delivering freight across Canada\" srcset=\"https:\/\/www.3pl-canada.com\/wp-content\/uploads\/2024\/10\/Transport.jpg 1920w, https:\/\/www.3pl-canada.com\/wp-content\/uploads\/2024\/10\/Transport-300x169.jpg 300w, https:\/\/www.3pl-canada.com\/wp-content\/uploads\/2024\/10\/Transport-1024x576.jpg 1024w, https:\/\/www.3pl-canada.com\/wp-content\/uploads\/2024\/10\/Transport-768x432.jpg 768w, https:\/\/www.3pl-canada.com\/wp-content\/uploads\/2024\/10\/Transport-1536x864.jpg 1536w\" sizes=\"(max-width: 1920px) 100vw, 1920px\" title=\"Transportjpg | 3PL Canada\" \/>\t\t\t\t\t\t\t\t\t\t\t\t\t\t\t<\/div>\n\t\t\t\t<\/div>\n\t\t\t\t\t<\/div>\n\t\t<\/div>\n\t\t\t\t<div class=\"elementor-column elementor-col-50 elementor-top-column elementor-element elementor-element-1799f848\" data-id=\"1799f848\" data-element_type=\"column\">\n\t\t\t<div class=\"elementor-widget-wrap elementor-element-populated\">\n\t\t\t\t\t\t<div class=\"elementor-element elementor-element-651f5da5 elementor-widget elementor-widget-heading\" data-id=\"651f5da5\" data-element_type=\"widget\" data-widget_type=\"heading.default\">\n\t\t\t\t<div class=\"elementor-widget-container\">\n\t\t\t\t\t<h2 class=\"elementor-heading-title elementor-size-default\">Op\u00e9rations optimis\u00e9es<\/h2>\t\t\t\t<\/div>\n\t\t\t\t<\/div>\n\t\t\t\t<div class=\"elementor-element elementor-element-1356a7cf color-scheme-inherit text-left elementor-widget elementor-widget-text-editor\" data-id=\"1356a7cf\" data-element_type=\"widget\" data-widget_type=\"text-editor.default\">\n\t\t\t\t<div class=\"elementor-widget-container\">\n\t\t\t\t\t\t\t\t\t<p>D\u00e9couvrez une logistique fluide avec nos services complets de transport, d\u2019entreposage et de distribution. Nos solutions de transport assurent un d\u00e9placement optimal des marchandises, avec des itin\u00e9raires optimis\u00e9s et un d\u00e9douanement simplifi\u00e9. Profitez d\u2019options de stockage s\u00e9curis\u00e9es, d\u2019une gestion des stocks en temps r\u00e9el et d\u2019une pr\u00e9paration des commandes sans faille. Nos services de centre de distribution am\u00e9liorent l\u2019efficacit\u00e9 de votre cha\u00eene d\u2019approvisionnement, tandis que la livraison du dernier kilom\u00e8tre garantit des exp\u00e9ditions ponctuelles et fiables.<\/p>\t\t\t\t\t\t\t\t<\/div>\n\t\t\t\t<\/div>\n\t\t\t\t\t<\/div>\n\t\t<\/div>\n\t\t\t\t\t<\/div>\n\t\t<\/section>\n\t\t\t\t<section class=\"wd-negative-gap elementor-section elementor-top-section elementor-element elementor-element-6b1ab1e9 elementor-section-boxed elementor-section-height-default elementor-section-height-default\" data-id=\"6b1ab1e9\" data-element_type=\"section\">\n\t\t\t\t\t\t<div class=\"elementor-container elementor-column-gap-default\">\n\t\t\t\t\t<div class=\"elementor-column elementor-col-100 elementor-top-column elementor-element elementor-element-9004c08\" data-id=\"9004c08\" data-element_type=\"column\">\n\t\t\t<div class=\"elementor-widget-wrap elementor-element-populated\">\n\t\t\t\t\t\t<div class=\"elementor-element elementor-element-79bcfd8b elementor-widget elementor-widget-spacer\" data-id=\"79bcfd8b\" data-element_type=\"widget\" data-widget_type=\"spacer.default\">\n\t\t\t\t<div class=\"elementor-widget-container\">\n\t\t\t\t\t\t\t<div class=\"elementor-spacer\">\n\t\t\t<div class=\"elementor-spacer-inner\"><\/div>\n\t\t<\/div>\n\t\t\t\t\t\t<\/div>\n\t\t\t\t<\/div>\n\t\t\t\t\t<\/div>\n\t\t<\/div>\n\t\t\t\t\t<\/div>\n\t\t<\/section>\n\t\t\t\t<\/div>\n\t\t","protected":false},"excerpt":{"rendered":"<p>Pourquoi choisir A1-3PL\u202f? Collaborer avec nous vous permet d\u2019\u00e9viter les co\u00fbts fixes li\u00e9s au loyer, \u00e0 l\u2019infrastructure et au personnel,<\/p>\n","protected":false},"author":1,"featured_media":0,"parent":0,"menu_order":0,"comment_status":"closed","ping_status":"closed","template":"","meta":{"_monsterinsights_skip_tracking":false,"_monsterinsights_sitenote_active":false,"_monsterinsights_sitenote_note":"","_monsterinsights_sitenote_category":0,"footnotes":""},"class_list":["post-238","page","type-page","status-publish","hentry"],"aioseo_notices":[],"_links":{"self":[{"href":"https:\/\/www.3pl-canada.com\/fr\/wp-json\/wp\/v2\/pages\/238","targetHints":{"allow":["GET"]}}],"collection":[{"href":"https:\/\/www.3pl-canada.com\/fr\/wp-json\/wp\/v2\/pages"}],"about":[{"href":"https:\/\/www.3pl-canada.com\/fr\/wp-json\/wp\/v2\/types\/page"}],"author":[{"embeddable":true,"href":"https:\/\/www.3pl-canada.com\/fr\/wp-json\/wp\/v2\/users\/1"}],"replies":[{"embeddable":true,"href":"https:\/\/www.3pl-canada.com\/fr\/wp-json\/wp\/v2\/comments?post=238"}],"version-history":[{"count":7,"href":"https:\/\/www.3pl-canada.com\/fr\/wp-json\/wp\/v2\/pages\/238\/revisions"}],"predecessor-version":[{"id":293,"href":"https:\/\/www.3pl-canada.com\/fr\/wp-json\/wp\/v2\/pages\/238\/revisions\/293"}],"wp:attachment":[{"href":"https:\/\/www.3pl-canada.com\/fr\/wp-json\/wp\/v2\/media?parent=238"}],"curies":[{"name":"wp","href":"https:\/\/api.w.org\/{rel}","templated":true}]}}